{"id":905,"date":"2021-05-13T22:27:50","date_gmt":"2021-05-13T22:27:50","guid":{"rendered":"https:\/\/gopirates.se\/?page_id=905"},"modified":"2023-06-21T18:31:11","modified_gmt":"2023-06-21T18:31:11","slug":"var-vardegrund","status":"publish","type":"page","link":"https:\/\/gopirates.se\/?page_id=905","title":{"rendered":"V\u00c5R V\u00c4RDEGRUND &#038; VISION"},"content":{"rendered":"\n<div class=\"wp-block-columns is-layout-flex wp-container-core-columns-is-layout-9d6595d7 wp-block-columns-is-layout-flex\">\n<div class=\"wp-block-column is-layout-flow wp-block-column-is-layout-flow\" style=\"flex-basis:33.33%\">\n<p><strong>V\u00e5r v\u00e4rdegrund<\/strong><br><br>I Trelleborg Pirates har vi formulerat ett motto som s\u00e4tter pr\u00e4gel p\u00e5 hela v\u00e5r verksamhet:<\/p>\n\n\n\n<p><strong>Loyalty, Respect &amp; Dedication<\/strong><\/p>\n\n\n\n<p><strong>Loyalty<\/strong> \u2013&nbsp;lojalitet,&nbsp;klubbk\u00e4nsla, vi st\u00e4ller upp f\u00f6r varandra.<\/p>\n\n\n\n<p><strong>Respect<\/strong> \u2013 h\u00e4nsyn, omtanke, vi respekterar varandra och andra.<\/p>\n\n\n\n<p><strong>Dedication<\/strong> &#8211; engagemang, fokus, vi&nbsp;jobbar&nbsp;h\u00e5rt p\u00e5 tr\u00e4ning och match.<\/p>\n\n\n\n<p>Vi jobbar dagligen med att skapa en milj\u00f6 d\u00e4r alla k\u00e4nner sig trygga och d\u00e4r stj\u00e4rnor f\u00e5r f\u00f6das&nbsp;och utvecklas!<br><br><strong>Go Pirates!<\/strong><\/p>\n\n\n\n<p>Svensk basket har formulerat en v\u00e4rdegrund utifr\u00e5n:<\/p>\n\n\n\n<p>&#8211;&nbsp;Hela m\u00e4nniskan.&nbsp;F\u00f6r oss \u00e4r du mer \u00e4n en basketspelare. Hos oss kan man v\u00e4xa som individ.<\/p>\n\n\n\n<p>&#8211;&nbsp;Vi v\u00e5gar.&nbsp;Vi lyssnar och st\u00f6ttar. Vi v\u00e5gar ta st\u00e4llning och st\u00e5r upp f\u00f6r dig.<\/p>\n\n\n\n<p>&#8211;&nbsp;Olikheter \u00e4r v\u00e4gen till framg\u00e5ng.&nbsp;Det \u00e4r v\u00e5ra olika erfarenheter, perspektiv, kompetenser och bakgrund&nbsp;som&nbsp;g\u00f6r oss starkare och mer framg\u00e5ngsrika!<\/p>\n\n\n\n<p><a href=\"https:\/\/www.basket.se\/forbundet\/visionvardegrundochovergripandemal\" target=\"_blank\" rel=\"noreferrer noopener\">Vision, v\u00e4rdegrund och \u00f6vergripande m\u00e5l &#8211; Svenska Basketbollf\u00f6rbundet<\/a><\/p>\n<\/div>\n\n\n\n<div class=\"wp-block-column is-layout-flow wp-block-column-is-layout-flow\" style=\"flex-basis:66.66%\"><div class=\"wp-block-image is-style-default\">\n<figure class=\"alignright size-large is-resized\"><img loading=\"lazy\" decoding=\"async\" src=\"https:\/\/gopirates.se\/wp-content\/uploads\/2021\/05\/INKLUDERA.jpg\" alt=\"\" class=\"wp-image-910\" width=\"600\" height=\"600\"\/><\/figure>\n<\/div><\/div>\n<\/div>\n\n\n\n<p><strong>V\u00e5r vision<\/strong><br>Vi \u00e4r en liten klubb med cirka 170 medlemmar. F\u00f6reningen har en tydlig bild av att ge varje barn och ungdom en m\u00f6jlighet att bli s\u00e5 bra som de vill bli. Vi bedriver en bredd- och elitverksamhet med v\u00e4rdeorden Loyalty Respect &amp; Dedication.<\/p>\n\n\n\n<p>F\u00f6reningen har en stark elitsatsning p\u00e5 herrsidan och groende ambitioner p\u00e5 damsidan. Elitverksamheten \u00e4r viktig f\u00f6r f\u00f6reningens medlemmar och hj\u00e4lper ungdomarna att f\u00f6rverkliga sina basketdr\u00f6mmar. F\u00f6reningens ambition \u00e4r att f\u00f6r herrsidan komma tillbaka till f\u00f6rbundsserierna fr\u00e5n s\u00e4songen 24\/25 och p\u00e5 damsidan bygga upp ett division tv\u00e5 lag.<\/p>\n","protected":false},"excerpt":{"rendered":"<p>V\u00e5r v\u00e4rdegrund I Trelleborg Pirates har vi formulerat ett motto som s\u00e4tter pr\u00e4gel p\u00e5 hela v\u00e5r verksamhet: Loyalty, Respect &amp; Dedication Loyalty \u2013&nbsp;lojalitet,&nbsp;klubbk\u00e4nsla, vi st\u00e4ller upp f\u00f6r varandra. Respect \u2013 h\u00e4nsyn, omtanke, vi respekterar varandra och andra. Dedication &#8211; engagemang, fokus, vi&nbsp;jobbar&nbsp;h\u00e5rt p\u00e5 tr\u00e4ning och match. Vi jobbar dagligen med att skapa en milj\u00f6 d\u00e4r [&hellip;]<\/p>\n","protected":false},"author":1,"featured_media":0,"parent":0,"menu_order":0,"comment_status":"closed","ping_status":"closed","template":"","meta":{"footnotes":""},"class_list":["post-905","page","type-page","status-publish","hentry"],"_links":{"self":[{"href":"https:\/\/gopirates.se\/index.php?rest_route=\/wp\/v2\/pages\/905","targetHints":{"allow":["GET"]}}],"collection":[{"href":"https:\/\/gopirates.se\/index.php?rest_route=\/wp\/v2\/pages"}],"about":[{"href":"https:\/\/gopirates.se\/index.php?rest_route=\/wp\/v2\/types\/page"}],"author":[{"embeddable":true,"href":"https:\/\/gopirates.se\/index.php?rest_route=\/wp\/v2\/users\/1"}],"replies":[{"embeddable":true,"href":"https:\/\/gopirates.se\/index.php?rest_route=%2Fwp%2Fv2%2Fcomments&post=905"}],"version-history":[{"count":19,"href":"https:\/\/gopirates.se\/index.php?rest_route=\/wp\/v2\/pages\/905\/revisions"}],"predecessor-version":[{"id":2351,"href":"https:\/\/gopirates.se\/index.php?rest_route=\/wp\/v2\/pages\/905\/revisions\/2351"}],"wp:attachment":[{"href":"https:\/\/gopirates.se\/index.php?rest_route=%2Fwp%2Fv2%2Fmedia&parent=905"}],"curies":[{"name":"wp","href":"https:\/\/api.w.org\/{rel}","templated":true}]}}