{"id":497,"date":"2021-05-08T20:40:57","date_gmt":"2021-05-08T20:40:57","guid":{"rendered":"https:\/\/gopirates.se\/?page_id=497"},"modified":"2022-11-03T20:01:20","modified_gmt":"2022-11-03T20:01:20","slug":"var-historia","status":"publish","type":"page","link":"https:\/\/gopirates.se\/?page_id=497","title":{"rendered":"V\u00c5R HISTORIA"},"content":{"rendered":"\n<p><br><\/p>\n\n\n\n<div class=\"wp-block-columns is-layout-flex wp-container-core-columns-is-layout-9d6595d7 wp-block-columns-is-layout-flex\">\n<div class=\"wp-block-column is-layout-flow wp-block-column-is-layout-flow\" style=\"flex-basis:33.33%\">\n<p><strong>Pirates Basketball firar 40 \u00e5r 2021<\/strong><br><br>Pirates Basketball bildades 1981.<br><br>Klubben hette d\u00e5 Ratus (stor r\u00e5tta) som senare \u00e4ndrades till Trelleborg Bulldogs. <br><br>Vi firar klubbens 40 \u00e5rs jubileum och dess rika historia med att h\u00e4mta tillbaka detta retro matchlinne som kommer att anv\u00e4ndas vid v\u00e4l valda hemmamatcher. Go Pirates! <\/p>\n<\/div>\n\n\n\n<div class=\"wp-block-column is-layout-flow wp-block-column-is-layout-flow\" style=\"flex-basis:66.66%\">\n<figure class=\"wp-block-image size-large is-resized is-style-default\"><img loading=\"lazy\" decoding=\"async\" src=\"https:\/\/gopirates.se\/wp-content\/uploads\/2021\/06\/RATUS_FRONTSIDE.jpg\" alt=\"\" class=\"wp-image-1184\" width=\"500\" height=\"500\" srcset=\"https:\/\/gopirates.se\/wp-content\/uploads\/2021\/06\/RATUS_FRONTSIDE.jpg 1000w, https:\/\/gopirates.se\/wp-content\/uploads\/2021\/06\/RATUS_FRONTSIDE-150x150.jpg 150w, https:\/\/gopirates.se\/wp-content\/uploads\/2021\/06\/RATUS_FRONTSIDE-768x768.jpg 768w\" sizes=\"auto, (max-width: 500px) 100vw, 500px\" \/><\/figure>\n<\/div>\n<\/div>\n\n\n\n<figure class=\"wp-block-image size-large is-style-default\"><img loading=\"lazy\" decoding=\"async\" width=\"1024\" height=\"626\" src=\"https:\/\/gopirates.se\/wp-content\/uploads\/2021\/06\/199669188_3964219740358156_5162709691290838324_n-1-1024x626.jpg\" alt=\"\" class=\"wp-image-1195\" srcset=\"https:\/\/gopirates.se\/wp-content\/uploads\/2021\/06\/199669188_3964219740358156_5162709691290838324_n-1-1024x626.jpg 1024w, https:\/\/gopirates.se\/wp-content\/uploads\/2021\/06\/199669188_3964219740358156_5162709691290838324_n-1-200x122.jpg 200w, https:\/\/gopirates.se\/wp-content\/uploads\/2021\/06\/199669188_3964219740358156_5162709691290838324_n-1-768x469.jpg 768w, https:\/\/gopirates.se\/wp-content\/uploads\/2021\/06\/199669188_3964219740358156_5162709691290838324_n-1-1536x938.jpg 1536w, https:\/\/gopirates.se\/wp-content\/uploads\/2021\/06\/199669188_3964219740358156_5162709691290838324_n-1.jpg 2048w\" sizes=\"auto, (max-width: 1024px) 100vw, 1024px\" \/><figcaption class=\"wp-element-caption\"><em>Ratus Basket 1981<\/em><\/figcaption><\/figure>\n\n\n\n<figure class=\"wp-block-image size-large is-style-default\"><img loading=\"lazy\" decoding=\"async\" width=\"1024\" height=\"768\" src=\"http:\/\/gopirates.se\/wp-content\/uploads\/2021\/06\/200202402_3964221377024659_3522883220795418261_n-1024x768.jpg\" alt=\"\" class=\"wp-image-1188\" srcset=\"https:\/\/gopirates.se\/wp-content\/uploads\/2021\/06\/200202402_3964221377024659_3522883220795418261_n-1024x768.jpg 1024w, https:\/\/gopirates.se\/wp-content\/uploads\/2021\/06\/200202402_3964221377024659_3522883220795418261_n-200x150.jpg 200w, https:\/\/gopirates.se\/wp-content\/uploads\/2021\/06\/200202402_3964221377024659_3522883220795418261_n-768x576.jpg 768w, https:\/\/gopirates.se\/wp-content\/uploads\/2021\/06\/200202402_3964221377024659_3522883220795418261_n-1536x1152.jpg 1536w, https:\/\/gopirates.se\/wp-content\/uploads\/2021\/06\/200202402_3964221377024659_3522883220795418261_n.jpg 2048w\" sizes=\"auto, (max-width: 1024px) 100vw, 1024px\" \/><\/figure>\n\n\n\n<figure class=\"wp-block-image size-large is-style-default\"><img loading=\"lazy\" decoding=\"async\" width=\"1024\" height=\"768\" src=\"http:\/\/gopirates.se\/wp-content\/uploads\/2021\/06\/199359044_3964222960357834_6363166378399926522_n-1024x768.jpg\" alt=\"\" class=\"wp-image-1189\" srcset=\"https:\/\/gopirates.se\/wp-content\/uploads\/2021\/06\/199359044_3964222960357834_6363166378399926522_n-1024x768.jpg 1024w, https:\/\/gopirates.se\/wp-content\/uploads\/2021\/06\/199359044_3964222960357834_6363166378399926522_n-200x150.jpg 200w, https:\/\/gopirates.se\/wp-content\/uploads\/2021\/06\/199359044_3964222960357834_6363166378399926522_n-768x576.jpg 768w, https:\/\/gopirates.se\/wp-content\/uploads\/2021\/06\/199359044_3964222960357834_6363166378399926522_n-1536x1152.jpg 1536w, https:\/\/gopirates.se\/wp-content\/uploads\/2021\/06\/199359044_3964222960357834_6363166378399926522_n.jpg 2048w\" sizes=\"auto, (max-width: 1024px) 100vw, 1024px\" \/><\/figure>\n","protected":false},"excerpt":{"rendered":"<p>Pirates Basketball firar 40 \u00e5r 2021 Pirates Basketball bildades 1981. Klubben hette d\u00e5 Ratus (stor r\u00e5tta) som senare \u00e4ndrades till Trelleborg Bulldogs. Vi firar klubbens 40 \u00e5rs jubileum och dess rika historia med att h\u00e4mta tillbaka detta retro matchlinne som kommer att anv\u00e4ndas vid v\u00e4l valda hemmamatcher. Go Pirates!<\/p>\n","protected":false},"author":1,"featured_media":0,"parent":0,"menu_order":0,"comment_status":"closed","ping_status":"closed","template":"","meta":{"footnotes":""},"class_list":["post-497","page","type-page","status-publish","hentry"],"_links":{"self":[{"href":"https:\/\/gopirates.se\/index.php?rest_route=\/wp\/v2\/pages\/497","targetHints":{"allow":["GET"]}}],"collection":[{"href":"https:\/\/gopirates.se\/index.php?rest_route=\/wp\/v2\/pages"}],"about":[{"href":"https:\/\/gopirates.se\/index.php?rest_route=\/wp\/v2\/types\/page"}],"author":[{"embeddable":true,"href":"https:\/\/gopirates.se\/index.php?rest_route=\/wp\/v2\/users\/1"}],"replies":[{"embeddable":true,"href":"https:\/\/gopirates.se\/index.php?rest_route=%2Fwp%2Fv2%2Fcomments&post=497"}],"version-history":[{"count":12,"href":"https:\/\/gopirates.se\/index.php?rest_route=\/wp\/v2\/pages\/497\/revisions"}],"predecessor-version":[{"id":2100,"href":"https:\/\/gopirates.se\/index.php?rest_route=\/wp\/v2\/pages\/497\/revisions\/2100"}],"wp:attachment":[{"href":"https:\/\/gopirates.se\/index.php?rest_route=%2Fwp%2Fv2%2Fmedia&parent=497"}],"curies":[{"name":"wp","href":"https:\/\/api.w.org\/{rel}","templated":true}]}}