{"id":2908,"date":"2024-11-26T20:16:52","date_gmt":"2024-11-26T20:16:52","guid":{"rendered":"https:\/\/gopirates.se\/?page_id=2908"},"modified":"2025-08-25T18:23:25","modified_gmt":"2025-08-25T18:23:25","slug":"mix-motion","status":"publish","type":"page","link":"https:\/\/gopirates.se\/?page_id=2908","title":{"rendered":"MIX MOTION"},"content":{"rendered":"\n<div class=\"wp-block-columns is-layout-flex wp-container-core-columns-is-layout-9d6595d7 wp-block-columns-is-layout-flex\">\n<div class=\"wp-block-column is-layout-flow wp-block-column-is-layout-flow\" style=\"flex-basis:50%\">\n<p><strong>MIX MOTION<\/strong><br><br>Motionslag f\u00f6r flickor\/pojkar, damer och herrar som vill spela framf\u00f6rallt matchspel i lite enklare tr\u00e4ningsform.<br><br><strong><a href=\"https:\/\/entry.sportadmin.se\/groupsOverview?uid=DpyOT_\" target=\"_blank\" rel=\"noreferrer noopener\">Anm\u00e4lan till laget, klicka h\u00e4r!<\/a><\/strong><\/p>\n\n\n\n<figure class=\"wp-block-image size-full is-style-default\"><img loading=\"lazy\" decoding=\"async\" width=\"250\" height=\"250\" src=\"http:\/\/gopirates.se\/wp-content\/uploads\/2021\/07\/Karin_Boijertz.jpg\" alt=\"\" class=\"wp-image-1310\" srcset=\"https:\/\/gopirates.se\/wp-content\/uploads\/2021\/07\/Karin_Boijertz.jpg 250w, https:\/\/gopirates.se\/wp-content\/uploads\/2021\/07\/Karin_Boijertz-150x150.jpg 150w\" sizes=\"auto, (max-width: 250px) 100vw, 250px\" \/><\/figure>\n\n\n\n<p><strong>Karin Boijertz<\/strong><br>Coach<br><a href=\"mailto:kb@gopirates.se\" target=\"_blank\" rel=\"noreferrer noopener\">kb@gopirates.se<\/a><\/p>\n\n\n\n<p><br><br><\/p>\n\n\n\n<p><\/p>\n<\/div>\n\n\n\n<div class=\"wp-block-column is-layout-flow wp-block-column-is-layout-flow\" style=\"flex-basis:66.66%\"><\/div>\n<\/div>\n","protected":false},"excerpt":{"rendered":"<p>MIX MOTION Motionslag f\u00f6r flickor\/pojkar, damer och herrar som vill spela framf\u00f6rallt matchspel i lite enklare tr\u00e4ningsform. Anm\u00e4lan till laget, klicka h\u00e4r! Karin BoijertzCoachkb@gopirates.se<\/p>\n","protected":false},"author":1,"featured_media":0,"parent":0,"menu_order":0,"comment_status":"closed","ping_status":"closed","template":"","meta":{"footnotes":""},"class_list":["post-2908","page","type-page","status-publish","hentry"],"_links":{"self":[{"href":"https:\/\/gopirates.se\/index.php?rest_route=\/wp\/v2\/pages\/2908","targetHints":{"allow":["GET"]}}],"collection":[{"href":"https:\/\/gopirates.se\/index.php?rest_route=\/wp\/v2\/pages"}],"about":[{"href":"https:\/\/gopirates.se\/index.php?rest_route=\/wp\/v2\/types\/page"}],"author":[{"embeddable":true,"href":"https:\/\/gopirates.se\/index.php?rest_route=\/wp\/v2\/users\/1"}],"replies":[{"embeddable":true,"href":"https:\/\/gopirates.se\/index.php?rest_route=%2Fwp%2Fv2%2Fcomments&post=2908"}],"version-history":[{"count":16,"href":"https:\/\/gopirates.se\/index.php?rest_route=\/wp\/v2\/pages\/2908\/revisions"}],"predecessor-version":[{"id":3166,"href":"https:\/\/gopirates.se\/index.php?rest_route=\/wp\/v2\/pages\/2908\/revisions\/3166"}],"wp:attachment":[{"href":"https:\/\/gopirates.se\/index.php?rest_route=%2Fwp%2Fv2%2Fmedia&parent=2908"}],"curies":[{"name":"wp","href":"https:\/\/api.w.org\/{rel}","templated":true}]}}