{"id":2633,"date":"2024-07-09T22:23:08","date_gmt":"2024-07-09T22:23:08","guid":{"rendered":"https:\/\/gopirates.se\/?page_id=2633"},"modified":"2025-08-25T18:43:16","modified_gmt":"2025-08-25T18:43:16","slug":"fu11","status":"publish","type":"page","link":"https:\/\/gopirates.se\/?page_id=2633","title":{"rendered":"FU11"},"content":{"rendered":"\n<p><\/p>\n\n\n\n<div class=\"wp-block-columns is-layout-flex wp-container-core-columns-is-layout-9d6595d7 wp-block-columns-is-layout-flex\">\n<div class=\"wp-block-column is-layout-flow wp-block-column-is-layout-flow\" style=\"flex-basis:33.33%\">\n<p><strong>FU11<\/strong><br>Flickor f\u00f6dda 2014-2016<br>Vi tr\u00e4nar i V\u00e4sterv\u00e5ngshallen, lilla hallen. <br><br><strong><a href=\"https:\/\/entry.sportadmin.se\/groupsOverview?uid=DpyOT_\" target=\"_blank\" rel=\"noreferrer noopener\">Anm\u00e4lan till laget, klicka h\u00e4r!<\/a><\/strong><br><br><\/p>\n\n\n\n<figure class=\"wp-block-image size-full is-resized\"><img loading=\"lazy\" decoding=\"async\" width=\"400\" height=\"400\" src=\"http:\/\/gopirates.se\/wp-content\/uploads\/2021\/05\/Christian_Flachenecker.jpg\" alt=\"\" class=\"wp-image-1109\" style=\"object-fit:cover;width:200px;height:200px\" srcset=\"https:\/\/gopirates.se\/wp-content\/uploads\/2021\/05\/Christian_Flachenecker.jpg 400w, https:\/\/gopirates.se\/wp-content\/uploads\/2021\/05\/Christian_Flachenecker-150x150.jpg 150w\" sizes=\"auto, (max-width: 400px) 100vw, 400px\" \/><\/figure>\n\n\n\n<p><strong>Coach<\/strong><br>Christian Flachenecker<br><a href=\"mailto:cf@gopirates.se\" target=\"_blank\" rel=\"noreferrer noopener\">cf@gopirates.s<\/a>e<\/p>\n<\/div>\n\n\n\n<div class=\"wp-block-column is-layout-flow wp-block-column-is-layout-flow\" style=\"flex-basis:66.66%\">\n<figure class=\"wp-block-image size-full\"><img loading=\"lazy\" decoding=\"async\" width=\"1080\" height=\"1135\" src=\"http:\/\/gopirates.se\/wp-content\/uploads\/2025\/08\/girls_team.jpg\" alt=\"\" class=\"wp-image-3180\" srcset=\"https:\/\/gopirates.se\/wp-content\/uploads\/2025\/08\/girls_team.jpg 1080w, https:\/\/gopirates.se\/wp-content\/uploads\/2025\/08\/girls_team-143x150.jpg 143w, https:\/\/gopirates.se\/wp-content\/uploads\/2025\/08\/girls_team-974x1024.jpg 974w, https:\/\/gopirates.se\/wp-content\/uploads\/2025\/08\/girls_team-768x807.jpg 768w\" sizes=\"auto, (max-width: 1080px) 100vw, 1080px\" \/><figcaption class=\"wp-element-caption\"><em>Foto: Mika Pirttinen Grafik: <a href=\"http:\/\/www.aya.se\" target=\"_blank\" rel=\"noreferrer noopener\">Aya.se<\/a><\/em><\/figcaption><\/figure>\n<\/div>\n<\/div>\n\n\n\n<p><\/p>\n\n\n\n<p><br><\/p>\n","protected":false},"excerpt":{"rendered":"<p>FU11Flickor f\u00f6dda 2014-2016Vi tr\u00e4nar i V\u00e4sterv\u00e5ngshallen, lilla hallen. Anm\u00e4lan till laget, klicka h\u00e4r! CoachChristian Flacheneckercf@gopirates.se<\/p>\n","protected":false},"author":1,"featured_media":0,"parent":0,"menu_order":0,"comment_status":"closed","ping_status":"closed","template":"","meta":{"footnotes":""},"class_list":["post-2633","page","type-page","status-publish","hentry"],"_links":{"self":[{"href":"https:\/\/gopirates.se\/index.php?rest_route=\/wp\/v2\/pages\/2633","targetHints":{"allow":["GET"]}}],"collection":[{"href":"https:\/\/gopirates.se\/index.php?rest_route=\/wp\/v2\/pages"}],"about":[{"href":"https:\/\/gopirates.se\/index.php?rest_route=\/wp\/v2\/types\/page"}],"author":[{"embeddable":true,"href":"https:\/\/gopirates.se\/index.php?rest_route=\/wp\/v2\/users\/1"}],"replies":[{"embeddable":true,"href":"https:\/\/gopirates.se\/index.php?rest_route=%2Fwp%2Fv2%2Fcomments&post=2633"}],"version-history":[{"count":17,"href":"https:\/\/gopirates.se\/index.php?rest_route=\/wp\/v2\/pages\/2633\/revisions"}],"predecessor-version":[{"id":3183,"href":"https:\/\/gopirates.se\/index.php?rest_route=\/wp\/v2\/pages\/2633\/revisions\/3183"}],"wp:attachment":[{"href":"https:\/\/gopirates.se\/index.php?rest_route=%2Fwp%2Fv2%2Fmedia&parent=2633"}],"curies":[{"name":"wp","href":"https:\/\/api.w.org\/{rel}","templated":true}]}}