{"id":2539,"date":"2024-07-09T20:45:49","date_gmt":"2024-07-09T20:45:49","guid":{"rendered":"https:\/\/gopirates.se\/?page_id=2539"},"modified":"2025-08-25T18:25:31","modified_gmt":"2025-08-25T18:25:31","slug":"pu11","status":"publish","type":"page","link":"https:\/\/gopirates.se\/?page_id=2539","title":{"rendered":"PU11"},"content":{"rendered":"\n<div class=\"wp-block-columns is-layout-flex wp-container-core-columns-is-layout-9d6595d7 wp-block-columns-is-layout-flex\">\n<div class=\"wp-block-column is-layout-flow wp-block-column-is-layout-flow\" style=\"flex-basis:33.33%\">\n<p><strong>PU11<\/strong><br>Pojkar f\u00f6dda 2014-2016<br>Vi tr\u00e4nar i V\u00e4sterv\u00e5ngshallen.<br> <br>Anm\u00e4lan till laget: <br><a href=\"https:\/\/entry.sportadmin.se\/groupsOverview?uid=DpyOT_\" target=\"_blank\" rel=\"noreferrer noopener\">https:\/\/entry.sportadmin.se\/groupsOverview?uid=DpyOT_<\/a><br><br><\/p>\n\n\n\n<figure class=\"wp-block-image size-full\"><img decoding=\"async\" src=\"http:\/\/gopirates.se\/wp-content\/uploads\/2024\/07\/johanna.jpg\" alt=\"\" class=\"wp-image-2650\"\/><\/figure>\n\n\n\n<p><strong>Coach<\/strong><br>Johanna Treschow<br><a href=\"mailto:jt@gopirates.se\" target=\"_blank\" rel=\"noreferrer noopener\">jt@gopirates.se<\/a><\/p>\n<\/div>\n\n\n\n<div class=\"wp-block-column is-layout-flow wp-block-column-is-layout-flow\" style=\"flex-basis:66.66%\"><div class=\"wp-block-image\">\n<figure class=\"alignright size-full\"><img loading=\"lazy\" decoding=\"async\" width=\"1000\" height=\"1000\" src=\"https:\/\/gopirates.se\/wp-content\/uploads\/2024\/07\/William.jpg\" alt=\"\" class=\"wp-image-2541\" srcset=\"https:\/\/gopirates.se\/wp-content\/uploads\/2024\/07\/William.jpg 1000w, https:\/\/gopirates.se\/wp-content\/uploads\/2024\/07\/William-150x150.jpg 150w, https:\/\/gopirates.se\/wp-content\/uploads\/2024\/07\/William-768x768.jpg 768w\" sizes=\"auto, (max-width: 1000px) 100vw, 1000px\" \/><figcaption class=\"wp-element-caption\"><em>Foto: Mika Pirttinen, Grafik: <a href=\"http:\/\/www.aya.se\" data-type=\"link\" data-id=\"www.aya.se\">aya.se<\/a><\/em><\/figcaption><\/figure>\n<\/div><\/div>\n<\/div>\n","protected":false},"excerpt":{"rendered":"<p>PU11Pojkar f\u00f6dda 2014-2016Vi tr\u00e4nar i V\u00e4sterv\u00e5ngshallen. Anm\u00e4lan till laget: https:\/\/entry.sportadmin.se\/groupsOverview?uid=DpyOT_ CoachJohanna Treschowjt@gopirates.se<\/p>\n","protected":false},"author":1,"featured_media":0,"parent":0,"menu_order":0,"comment_status":"closed","ping_status":"closed","template":"","meta":{"footnotes":""},"class_list":["post-2539","page","type-page","status-publish","hentry"],"_links":{"self":[{"href":"https:\/\/gopirates.se\/index.php?rest_route=\/wp\/v2\/pages\/2539","targetHints":{"allow":["GET"]}}],"collection":[{"href":"https:\/\/gopirates.se\/index.php?rest_route=\/wp\/v2\/pages"}],"about":[{"href":"https:\/\/gopirates.se\/index.php?rest_route=\/wp\/v2\/types\/page"}],"author":[{"embeddable":true,"href":"https:\/\/gopirates.se\/index.php?rest_route=\/wp\/v2\/users\/1"}],"replies":[{"embeddable":true,"href":"https:\/\/gopirates.se\/index.php?rest_route=%2Fwp%2Fv2%2Fcomments&post=2539"}],"version-history":[{"count":14,"href":"https:\/\/gopirates.se\/index.php?rest_route=\/wp\/v2\/pages\/2539\/revisions"}],"predecessor-version":[{"id":3169,"href":"https:\/\/gopirates.se\/index.php?rest_route=\/wp\/v2\/pages\/2539\/revisions\/3169"}],"wp:attachment":[{"href":"https:\/\/gopirates.se\/index.php?rest_route=%2Fwp%2Fv2%2Fmedia&parent=2539"}],"curies":[{"name":"wp","href":"https:\/\/api.w.org\/{rel}","templated":true}]}}