{"id":137,"date":"2021-05-07T23:31:46","date_gmt":"2021-05-07T23:31:46","guid":{"rendered":"https:\/\/gopirates.se\/?page_id=137"},"modified":"2021-06-21T14:30:41","modified_gmt":"2021-06-21T14:30:41","slug":"pirates-clinic","status":"publish","type":"page","link":"https:\/\/gopirates.se\/?page_id=137","title":{"rendered":"PIRATES CLINIC"},"content":{"rendered":"\n<h2 class=\"wp-block-heading\">Malm\u00f6 Kiropraktorklinik<\/h2>\n\n\n\n<div class=\"wp-block-columns is-layout-flex wp-container-core-columns-is-layout-9d6595d7 wp-block-columns-is-layout-flex\">\n<div class=\"wp-block-column is-layout-flow wp-block-column-is-layout-flow\" style=\"flex-basis:33.33%\">\n<p>Det \u00e4r klokt att h\u00e5lla kroppen i form och ig\u00e5ng f\u00f6r alla m\u00e4nniskor. N\u00e4r man har kroppen som arbetsredskap som v\u00e5ra basketkillar och tjejer har, \u00e4r det extra viktigt att lyssna p\u00e5 kroppens signaler och s\u00f6ka professionell hj\u00e4lp vid eventuella problem.  <br><br>Vi har ett gott samarbete med <a rel=\"noreferrer noopener\" href=\"https:\/\/malmokiropraktorklinik.se\" target=\"_blank\">Malm\u00f6 Kiropraktorklinik <\/a>som vi g\u00e4rna rekommenderar. <br><br>Malm\u00f6 Kiropraktorklinik startades \u00e5r 1991 och har sedan dess utvecklats till att bli en av Malm\u00f6s st\u00f6rsta kiropraktorkliniker.<\/p>\n\n\n\n<p>P\u00e5 kliniken finns&nbsp;tre kiropraktormottagningar som drivs av Jan Zinkernagel, Per Rehn och&nbsp;Hampus Wedeberg. Alla&nbsp;kiropraktorer har f\u00e5tt sin utbildning p\u00e5&nbsp;<a href=\"http:\/\/www.aecc.ac.uk\/\" target=\"_blank\" rel=\"noreferrer noopener\">Anglo European College of Chiropractic i England<\/a>.<\/p>\n\n\n\n<p>Kliniken \u00e4r bel\u00e4gen i ljusa luftiga lokaler i en \u00e4ldre fastighet mitt i centrala Malm\u00f6. H\u00e4r arbetar f\u00f6rutom kiropraktorerna tre mass\u00f6rer och tv\u00e5 receptionister.<\/p>\n\n\n\n<p><br><br><\/p>\n<\/div>\n\n\n\n<div class=\"wp-block-column is-layout-flow wp-block-column-is-layout-flow\" style=\"flex-basis:66.66%\">\n<figure class=\"wp-block-image size-large is-resized is-style-default\"><img loading=\"lazy\" decoding=\"async\" src=\"https:\/\/gopirates.se\/wp-content\/uploads\/2021\/05\/rehab.jpg\" alt=\"\" class=\"wp-image-679\" width=\"640\" height=\"452\"\/><\/figure>\n<\/div>\n<\/div>\n","protected":false},"excerpt":{"rendered":"<p>Malm\u00f6 Kiropraktorklinik Det \u00e4r klokt att h\u00e5lla kroppen i form och ig\u00e5ng f\u00f6r alla m\u00e4nniskor. N\u00e4r man har kroppen som arbetsredskap som v\u00e5ra basketkillar och tjejer har, \u00e4r det extra viktigt att lyssna p\u00e5 kroppens signaler och s\u00f6ka professionell hj\u00e4lp vid eventuella problem. Vi har ett gott samarbete med Malm\u00f6 Kiropraktorklinik som vi g\u00e4rna rekommenderar. [&hellip;]<\/p>\n","protected":false},"author":1,"featured_media":0,"parent":0,"menu_order":0,"comment_status":"closed","ping_status":"closed","template":"","meta":{"footnotes":""},"class_list":["post-137","page","type-page","status-publish","hentry"],"_links":{"self":[{"href":"https:\/\/gopirates.se\/index.php?rest_route=\/wp\/v2\/pages\/137","targetHints":{"allow":["GET"]}}],"collection":[{"href":"https:\/\/gopirates.se\/index.php?rest_route=\/wp\/v2\/pages"}],"about":[{"href":"https:\/\/gopirates.se\/index.php?rest_route=\/wp\/v2\/types\/page"}],"author":[{"embeddable":true,"href":"https:\/\/gopirates.se\/index.php?rest_route=\/wp\/v2\/users\/1"}],"replies":[{"embeddable":true,"href":"https:\/\/gopirates.se\/index.php?rest_route=%2Fwp%2Fv2%2Fcomments&post=137"}],"version-history":[{"count":8,"href":"https:\/\/gopirates.se\/index.php?rest_route=\/wp\/v2\/pages\/137\/revisions"}],"predecessor-version":[{"id":1223,"href":"https:\/\/gopirates.se\/index.php?rest_route=\/wp\/v2\/pages\/137\/revisions\/1223"}],"wp:attachment":[{"href":"https:\/\/gopirates.se\/index.php?rest_route=%2Fwp%2Fv2%2Fmedia&parent=137"}],"curies":[{"name":"wp","href":"https:\/\/api.w.org\/{rel}","templated":true}]}}