{"id":12,"date":"2021-05-07T17:59:33","date_gmt":"2021-05-07T17:59:33","guid":{"rendered":"https:\/\/gopirates.se\/?page_id=12"},"modified":"2023-06-29T09:20:18","modified_gmt":"2023-06-29T09:20:18","slug":"kontakt","status":"publish","type":"page","link":"https:\/\/gopirates.se\/?page_id=12","title":{"rendered":"KONTAKT"},"content":{"rendered":"\n<div class=\"wp-block-columns is-layout-flex wp-container-core-columns-is-layout-9d6595d7 wp-block-columns-is-layout-flex\">\n<div class=\"wp-block-column is-layout-flow wp-block-column-is-layout-flow\" style=\"flex-basis:33.33%\">\n<p>Pirates Basketball<br>Virkesv\u00e4gen 2<br>231 68 Trelleborg<br><br>Ordf\u00f6rande <br>Karin Boijertz<br>0735 10 70 93<br><a rel=\"noreferrer noopener\" href=\"mailto:kb@gopirates.se\" target=\"_blank\">kb@gopirates.se<\/a><br><br>Head Coach<br>Jeremy Lou<br>+46 73-978 71 21<br><a rel=\"noreferrer noopener\" href=\"mailto:jl@gopirates.se\" target=\"_blank\">jl@gopirates.se<\/a><br><br>Pirates p\u00e5 <a rel=\"noreferrer noopener\" href=\"https:\/\/www.facebook.com\/trelleborgpirates\" target=\"_blank\">Facebook<\/a><br>Pirates p\u00e5 <a rel=\"noreferrer noopener\" href=\"https:\/\/www.instagram.com\/trelleborgpirates\/\" target=\"_blank\">Instagram<\/a><\/p>\n\n\n\n<p><\/p>\n<\/div>\n\n\n\n<div class=\"wp-block-column is-layout-flow wp-block-column-is-layout-flow\" style=\"flex-basis:66.66%\">\n<iframe src=\"https:\/\/www.google.com\/maps\/embed?pb=!1m10!1m8!1m3!1d4532.839360772391!2d13.144348!3d55.385583!3m2!1i1024!2i768!4f13.1!5e0!3m2!1ssv!2sse!4v1620442693608!5m2!1ssv!2sse\" width=\"600\" height=\"450\" style=\"border:0;\" allowfullscreen=\"\" loading=\"lazy\"><\/iframe>\n\n\n\n<p><\/p>\n<\/div>\n<\/div>\n","protected":false},"excerpt":{"rendered":"<p>Pirates BasketballVirkesv\u00e4gen 2231 68 Trelleborg Ordf\u00f6rande Karin Boijertz0735 10 70 93kb@gopirates.se Head CoachJeremy Lou+46 73-978 71 21jl@gopirates.se Pirates p\u00e5 FacebookPirates p\u00e5 Instagram<\/p>\n","protected":false},"author":1,"featured_media":0,"parent":0,"menu_order":0,"comment_status":"closed","ping_status":"closed","template":"","meta":{"footnotes":""},"class_list":["post-12","page","type-page","status-publish","hentry"],"_links":{"self":[{"href":"https:\/\/gopirates.se\/index.php?rest_route=\/wp\/v2\/pages\/12","targetHints":{"allow":["GET"]}}],"collection":[{"href":"https:\/\/gopirates.se\/index.php?rest_route=\/wp\/v2\/pages"}],"about":[{"href":"https:\/\/gopirates.se\/index.php?rest_route=\/wp\/v2\/types\/page"}],"author":[{"embeddable":true,"href":"https:\/\/gopirates.se\/index.php?rest_route=\/wp\/v2\/users\/1"}],"replies":[{"embeddable":true,"href":"https:\/\/gopirates.se\/index.php?rest_route=%2Fwp%2Fv2%2Fcomments&post=12"}],"version-history":[{"count":72,"href":"https:\/\/gopirates.se\/index.php?rest_route=\/wp\/v2\/pages\/12\/revisions"}],"predecessor-version":[{"id":2391,"href":"https:\/\/gopirates.se\/index.php?rest_route=\/wp\/v2\/pages\/12\/revisions\/2391"}],"wp:attachment":[{"href":"https:\/\/gopirates.se\/index.php?rest_route=%2Fwp%2Fv2%2Fmedia&parent=12"}],"curies":[{"name":"wp","href":"https:\/\/api.w.org\/{rel}","templated":true}]}}