{"id":881,"date":"2021-05-13T21:00:39","date_gmt":"2021-05-13T21:00:39","guid":{"rendered":"https:\/\/gopirates.se\/?page_id=881"},"modified":"2024-08-20T08:26:13","modified_gmt":"2024-08-20T08:26:13","slug":"smyge","status":"publish","type":"page","link":"http:\/\/gopirates.se\/?page_id=881","title":{"rendered":"SMYGE"},"content":{"rendered":"\n<div class=\"wp-block-columns is-layout-flex wp-container-core-columns-is-layout-9d6595d7 wp-block-columns-is-layout-flex\">\n<div class=\"wp-block-column is-layout-flow wp-block-column-is-layout-flow\" style=\"flex-basis:33.33%\">\n<p><strong>Smyge Pirates<\/strong><br>Basket f\u00f6r flickor och pojkar 10-13 \u00e5r. Vi tr\u00e4nar i Smygehallen. <br><br>V\u00e5r gruppsida p\u00e5 Facebook f\u00f6r aktuell info om tr\u00e4ning och annat finns <strong><a href=\"https:\/\/www.facebook.com\/SmygehamnBasket\" target=\"_blank\" rel=\"noreferrer noopener\">h\u00e4r<\/a><a href=\"https:\/\/www.facebook.com\/SmygehamnBasket\">.<\/a> <\/strong><br><br><strong><a href=\"http:\/\/Smyge Pirates Basket f\u00f6r flickor och pojkar 10-13 \u00e5r. Vi tr\u00e4nar i Smygehallen.   V\u00e5r gruppsida p\u00e5 Facebook f\u00f6r aktuell info om tr\u00e4ning och annat finns h\u00e4r.   Anm\u00e4lan till laget, klicka h\u00e4r, och v\u00e4lj Junior &gt; Smyge  https:\/\/entry.sportadmin.se\/groupsOverview?uid=DpyOT_\" target=\"_blank\" rel=\"noreferrer noopener\">Anm\u00e4lan till laget, klicka h\u00e4r, och v\u00e4lj Junior > Smyge<\/a><\/strong><br><br><\/p>\n\n\n\n<figure class=\"wp-block-image size-full is-style-default\"><img loading=\"lazy\" decoding=\"async\" width=\"250\" height=\"250\" src=\"http:\/\/gopirates.se\/wp-content\/uploads\/2021\/07\/Christian_Bengtsson.jpg\" alt=\"\" class=\"wp-image-1344\" srcset=\"http:\/\/gopirates.se\/wp-content\/uploads\/2021\/07\/Christian_Bengtsson.jpg 250w, http:\/\/gopirates.se\/wp-content\/uploads\/2021\/07\/Christian_Bengtsson-150x150.jpg 150w\" sizes=\"auto, (max-width: 250px) 100vw, 250px\" \/><\/figure>\n\n\n\n<p>Coach<br><strong>Christian Bengtsson<\/strong><br><a rel=\"noreferrer noopener\" href=\"mailto:cb@gopirates.se\" target=\"_blank\">cb@gopirates.se<\/a><\/p>\n\n\n\n<p><\/p>\n<\/div>\n\n\n\n<div class=\"wp-block-column is-layout-flow wp-block-column-is-layout-flow\" style=\"flex-basis:66.66%\">\n<figure class=\"wp-block-image size-full is-style-default\"><img loading=\"lazy\" decoding=\"async\" width=\"2048\" height=\"1416\" src=\"http:\/\/gopirates.se\/wp-content\/uploads\/2021\/05\/Gruppbild_Pirates.jpg\" alt=\"\" class=\"wp-image-915\"\/><\/figure>\n<\/div>\n<\/div>\n","protected":false},"excerpt":{"rendered":"<p>Smyge PiratesBasket f\u00f6r flickor och pojkar 10-13 \u00e5r. Vi tr\u00e4nar i Smygehallen. V\u00e5r gruppsida p\u00e5 Facebook f\u00f6r aktuell info om tr\u00e4ning och annat finns h\u00e4r. Anm\u00e4lan till laget, klicka h\u00e4r, och v\u00e4lj Junior > Smyge CoachChristian Bengtssoncb@gopirates.se<\/p>\n","protected":false},"author":1,"featured_media":0,"parent":0,"menu_order":0,"comment_status":"closed","ping_status":"closed","template":"","meta":{"footnotes":""},"class_list":["post-881","page","type-page","status-publish","hentry"],"_links":{"self":[{"href":"http:\/\/gopirates.se\/index.php?rest_route=\/wp\/v2\/pages\/881","targetHints":{"allow":["GET"]}}],"collection":[{"href":"http:\/\/gopirates.se\/index.php?rest_route=\/wp\/v2\/pages"}],"about":[{"href":"http:\/\/gopirates.se\/index.php?rest_route=\/wp\/v2\/types\/page"}],"author":[{"embeddable":true,"href":"http:\/\/gopirates.se\/index.php?rest_route=\/wp\/v2\/users\/1"}],"replies":[{"embeddable":true,"href":"http:\/\/gopirates.se\/index.php?rest_route=%2Fwp%2Fv2%2Fcomments&post=881"}],"version-history":[{"count":27,"href":"http:\/\/gopirates.se\/index.php?rest_route=\/wp\/v2\/pages\/881\/revisions"}],"predecessor-version":[{"id":2776,"href":"http:\/\/gopirates.se\/index.php?rest_route=\/wp\/v2\/pages\/881\/revisions\/2776"}],"wp:attachment":[{"href":"http:\/\/gopirates.se\/index.php?rest_route=%2Fwp%2Fv2%2Fmedia&parent=881"}],"curies":[{"name":"wp","href":"https:\/\/api.w.org\/{rel}","templated":true}]}}