{"id":404,"date":"2021-05-08T17:16:27","date_gmt":"2021-05-08T17:16:27","guid":{"rendered":"https:\/\/gopirates.se\/?page_id=404"},"modified":"2026-04-11T17:31:15","modified_gmt":"2026-04-11T17:31:15","slug":"spelschema","status":"publish","type":"page","link":"http:\/\/gopirates.se\/?page_id=404","title":{"rendered":"SPELSCHEMA"},"content":{"rendered":"\n<h2 class=\"wp-block-heading\"><br><strong>SUPERETTAN 2025\/2026<\/strong><\/h2>\n\n\n\n<figure class=\"wp-block-table\"><table><tbody><tr><td>20 sept 17:00<\/td><td>Sollentuna<\/td><td><strong>Pirates<\/strong><\/td><td>Sollentuna, sporthall A<\/td><td>65-<strong>68<\/strong><\/td><\/tr><tr><td>28 sept 17:00<\/td><td><strong>Malbas<\/strong><\/td><td>Pirates<\/td><td>Heleneholms sporthall, Malm\u00f6<\/td><td><strong>96<\/strong>-67<\/td><\/tr><tr><td>4 okt 15:00<\/td><td>Pirates<\/td><td><strong>Ockelbo<\/strong><\/td><td>V\u00e4sterv\u00e5ngshallen, Trelleborg<\/td><td>78-<strong>86<\/strong><\/td><\/tr><tr><td>11 okt 16:00<\/td><td><strong>Pirates<\/strong><\/td><td>KFUM Blackeberg<\/td><td>V\u00e4sterv\u00e5ngshallen, Trelleborg<\/td><td><strong>89<\/strong>-73<\/td><\/tr><tr><td>18 okt 17:00<\/td><td><strong>Fryshuset<\/strong><\/td><td>Pirates<\/td><td>Fryshuset CC<\/td><td><strong>99<\/strong>-74<\/td><\/tr><tr><td>19 okt 13:00<\/td><td><strong>Djurg\u00e5rden<\/strong><\/td><td>Pirates<\/td><td>Tellusborgshallarna 2<\/td><td><strong>72<\/strong>-65<\/td><\/tr><tr><td>25 okt 17:00<\/td><td><strong>Pirates<\/strong><\/td><td>Djurg\u00e5rden<\/td><td>V\u00e4sterv\u00e5ngshallen, Trelleborg<\/td><td><strong>94<\/strong>-89<\/td><\/tr><tr><td>15 nov 16:00<\/td><td>Pirates <\/td><td><strong>Wetterbygden<\/strong><\/td><td>V\u00e4sterv\u00e5ngshallen, Trelleborg<\/td><td>79-<strong>80<\/strong><\/td><\/tr><tr><td>22 nov 16:00<\/td><td><strong>Pirates<\/strong><\/td><td>Sollentuna <\/td><td>V\u00e4sterv\u00e5ngshallen, Trelleborg<\/td><td><strong>92<\/strong>-77<\/td><\/tr><tr><td>26 nov 19:00<\/td><td>EOS Lund<\/td><td><strong>Pirates<\/strong><\/td><td>Eoshallen, Lund <\/td><td>72-<strong>98<\/strong><\/td><\/tr><tr><td>29 nov 16:00<\/td><td><strong>Ockelbo<\/strong><\/td><td>Pirates<\/td><td>Kuxahallen<\/td><td><strong>94<\/strong>-79<\/td><\/tr><tr><td>6 dec 16:00<\/td><td>Pirates<\/td><td><strong>KFUM Huddinge<\/strong><\/td><td>V\u00e4sterv\u00e5ngshallen, Trelleborg<\/td><td>80-<strong>93<\/strong><\/td><\/tr><tr><td>20 dec 16:00<\/td><td>Pirates<\/td><td><strong>Malbas<\/strong><\/td><td>V\u00e4sterv\u00e5ngshallen, Trelleborg<\/td><td>79-<strong>94<\/strong><\/td><\/tr><tr><td>17 jan 16:00<\/td><td><strong>Pirates<\/strong><\/td><td>EOS<\/td><td>V\u00e4sterv\u00e5ngshallen, Trelleborg<\/td><td><strong>87<\/strong>-69<\/td><\/tr><tr><td>24 jan 17:30<\/td><td>KFUM Blackeberg<\/td><td><strong>Pirates<\/strong><\/td><td>Vinstahallen 1<\/td><td>104-<strong>109<\/strong><\/td><\/tr><tr><td>25 jan 13:00<\/td><td><strong>Alvik<\/strong><\/td><td>Pirates<\/td><td>\u00c5keshovshallen<\/td><td><strong>91<\/strong>-81<\/td><\/tr><tr><td>31 jan 15:30<\/td><td><strong>Pirates<\/strong><\/td><td>Alvik<\/td><td>V\u00e4sterv\u00e5ngshallen, Trelleborg<\/td><td><strong>99<\/strong>-61<\/td><\/tr><tr><td>7 feb 16:00<\/td><td><strong>Pirates<\/strong><\/td><td>Eskilstuna<\/td><td>V\u00e4sterv\u00e5ngshallen, Trelleborg<\/td><td><strong>102<\/strong>-101<\/td><\/tr><tr><td>14 feb 16:00<\/td><td><strong>Eskilstuna<\/strong><\/td><td>Pirates<\/td><td>Volvo CE Arena B<\/td><td><strong>90<\/strong>-76<\/td><\/tr><tr><td>15 feb 14:00<\/td><td><strong>Aros<\/strong><\/td><td>Pirates<\/td><td>Kristiansborgshallen<\/td><td><strong>84<\/strong>-68<\/td><\/tr><tr><td>28 feb 16:00<\/td><td>Pirates<\/td><td><strong>Aros<\/strong><\/td><td>V\u00e4sterv\u00e5ngshallen, Trelleborg<\/td><td>69-<strong>74<\/strong><\/td><\/tr><tr><td>6 mars 19:00<\/td><td>Wetterbygden<\/td><td><strong>Pirates<\/strong><\/td><td>Sporthallarna, Huskvarna<\/td><td>80-<strong>107<\/strong><\/td><\/tr><tr><td>14 mars 16:00<\/td><td><strong>Pirates<\/strong><\/td><td>Fryshuset<\/td><td>V\u00e4sterv\u00e5ngshallen, Trelleborg<\/td><td><strong>109<\/strong>-102<\/td><\/tr><tr><td>28 mars 17:00<\/td><td><strong>KFUM Huddinge<\/strong><\/td><td>Pirates<\/td><td>Edbohallen<\/td><td><strong>91<\/strong>-82<\/td><\/tr><tr><td>29 mars 14:00<\/td><td><strong>AIK<\/strong><\/td><td>Pirates<\/td><td>Vasalundshallen<\/td><td><strong>92<\/strong>-71<\/td><\/tr><tr><td>11 april 16:00<\/td><td><strong>Pirates<\/strong><\/td><td>AIK<\/td><td>V\u00e4sterv\u00e5ngshallen, Trelleborg<\/td><td><strong>106<\/strong>-91<\/td><\/tr><\/tbody><\/table><\/figure>\n\n\n\n<h2 class=\"wp-block-heading\"><strong>Basketettan 2024\/2025<\/strong><\/h2>\n\n\n\n<figure class=\"wp-block-table\"><table><tbody><tr><td>21 sept 15:00<\/td><td>EOS<\/td><td><strong>Pirates<\/strong><\/td><td>Eoshallen, Lund<\/td><td>72-<strong>85<\/strong><\/td><\/tr><tr><td>29 sept 16:00<\/td><td><strong>Pirates<\/strong><\/td><td>H\u00f6gsbo<\/td><td>V\u00e4sterv\u00e5ngshallen, Trelleborg<\/td><td><strong>93<\/strong>-86<\/td><\/tr><tr><td>13 okt 16:00<\/td><td>V\u00e4stra Hisingen<\/td><td><strong>Pirates<\/strong><\/td><td>Sjumilahallen, G\u00f6teborg<\/td><td>71-<strong>103<\/strong><\/td><\/tr><tr><td>20 okt 16:00<\/td><td><strong>Lobas<\/strong><\/td><td>Pirates<\/td><td>Pil\u00e4ngshallen, Lomma<\/td><td><strong>99<\/strong>-83<\/td><\/tr><tr><td>27 okt 16:00<\/td><td><strong>Pirates<\/strong><\/td><td>Onsala<\/td><td>V\u00e4sterv\u00e5ngshallen, Trelleborg<\/td><td><strong>119<\/strong>-74<\/td><\/tr><tr><td>2 nov 16:00<\/td><td><strong>Pirates<\/strong><\/td><td>Lobas<\/td><td>V\u00e4sterv\u00e5ngshallen, Trelleborg<\/td><td><strong>97<\/strong>-70<\/td><\/tr><tr><td>10 nov 16:00<\/td><td>Lerum<\/td><td><strong>Pirates<\/strong><\/td><td>Lerums Arena B<\/td><td>71-<strong>135<\/strong><\/td><\/tr><tr><td>17 nov 16:00<\/td><td><strong>Pirates<\/strong><\/td><td>Malbas<\/td><td>V\u00e4sterv\u00e5ngshallen, Trelleborg<\/td><td><strong>120<\/strong>-69<\/td><\/tr><tr><td>30 nov 15:00<\/td><td>N\u00e4ssj\u00f6 <\/td><td><strong>Pirates<\/strong><\/td><td>Sporthallen, N\u00e4ssj\u00f6<\/td><td>68-<strong>86<\/strong><\/td><\/tr><tr><td>8 dec 16:00<\/td><td><strong>Pirates<\/strong><\/td><td>KFUM Kalmar<\/td><td>V\u00e4sterv\u00e5ngshallen, Trelleborg<\/td><td><strong>91<\/strong>-81<\/td><\/tr><tr><td>14 dec 17:00<\/td><td>Bor\u00e5s Basket<\/td><td><strong>Pirates<\/strong><\/td><td>Bor\u00e5shallen<\/td><td>67-<strong>77<\/strong><\/td><\/tr><tr><td>22 dec 16:00<\/td><td><strong>Pirates<\/strong><\/td><td>Norrk\u00f6ping<\/td><td>V\u00e4sterv\u00e5ngshallen, Trelleborg<\/td><td><strong>97<\/strong>-70<\/td><\/tr><tr><td>12 jan 14:00<\/td><td><strong>H\u00f6gsbo<\/strong><\/td><td>Pirates<\/td><td>Gothia Arena 2, V\u00e4stra Fr\u00f6lunda<\/td><td><strong>87<\/strong>-81<\/td><\/tr><tr><td>18 jan 16:00<\/td><td><strong>Pirates<\/strong><\/td><td>V\u00e4stra Hisingen<\/td><td>V\u00e4sterv\u00e5ngshallen, Trelleborg<\/td><td><strong>122<\/strong>-86<\/td><\/tr><tr><td>22 jan 19:00<\/td><td>Malbas<\/td><td><strong>Pirates<\/strong><\/td><td>Heleneholms Sporthall, Malm\u00f6<\/td><td>59-<strong>98<\/strong><\/td><\/tr><tr><td>2 feb 16:00<\/td><td><strong>Pirates<\/strong><\/td><td>Lerum<\/td><td>V\u00e4sterv\u00e5ngshallen, Trelleborg<\/td><td><strong>105<\/strong>-53<\/td><\/tr><tr><td>9 feb 15:00<\/td><td>Norrk\u00f6ping<\/td><td><strong>Pirates<\/strong><\/td><td>Stadium Arena B<\/td><td>74-<strong>80<\/strong><\/td><\/tr><tr><td>12 feb 19:30<\/td><td><strong>Pirates<\/strong><\/td><td>EOS Lund<\/td><td>V\u00e4sterv\u00e5ngshallen, Trelleborg<\/td><td><strong>100<\/strong>-80<\/td><\/tr><tr><td>26 feb 19:30<\/td><td><strong>Pirates<\/strong><\/td><td>Team 4Q<\/td><td>V\u00e4sterv\u00e5ngshallen, Trelleborg<\/td><td><strong>137<\/strong>-87<\/td><\/tr><tr><td>1 mars 14:00<\/td><td>Team 4Q<\/td><td><strong>Pirates<\/strong><\/td><td>GA-hallen, Helsingborg<\/td><td>78-<strong>121<\/strong><\/td><\/tr><tr><td>9 mars 16:00<\/td><td>Onsala<\/td><td><strong>Pirates<\/strong><\/td><td>Kollahallen, Kungsbacka<\/td><td>73-<strong>118<\/strong><\/td><\/tr><tr><td>16 mars 16:00<\/td><td><strong>Pirates<\/strong><\/td><td>Cross Over BAC<\/td><td>V\u00e4sterv\u00e5ngshallen, Trelleborg<\/td><td><strong>89<\/strong>-66<\/td><\/tr><tr><td>23 mars 12:00<\/td><td>Cross Over BAC<\/td><td><strong>Pirates<\/strong><\/td><td>Valhalla Sporthall A-hallen<\/td><td>67-<strong>85<\/strong><\/td><\/tr><tr><td>29 mars 16:00<\/td><td><strong>Pirates<\/strong><\/td><td>N\u00e4ssj\u00f6<\/td><td>V\u00e4sterv\u00e5ngshallen, Trelleborg<\/td><td><strong>106<\/strong>-69<\/td><\/tr><tr><td>6 april 16:00<\/td><td><strong>Pirates<\/strong><\/td><td>Bor\u00e5s<\/td><td>V\u00e4sterv\u00e5ngshallen, Trelleborg<\/td><td><strong>93<\/strong>-66<\/td><\/tr><tr><td>13 april 16:00<\/td><td>KFUM Kalmar<\/td><td><strong>Pirates<\/strong><\/td><td>Akea Arena, Kalmar<\/td><td>77-<strong>98<\/strong><\/td><\/tr><\/tbody><\/table><\/figure>\n\n\n\n<hr class=\"wp-block-separator has-alpha-channel-opacity\"\/>\n\n\n\n<figure class=\"wp-block-image size-large\"><img loading=\"lazy\" decoding=\"async\" width=\"1024\" height=\"755\" src=\"https:\/\/gopirates.se\/wp-content\/uploads\/2025\/04\/tabell-1024x755.png\" alt=\"\" class=\"wp-image-3016\" srcset=\"http:\/\/gopirates.se\/wp-content\/uploads\/2025\/04\/tabell-1024x755.png 1024w, http:\/\/gopirates.se\/wp-content\/uploads\/2025\/04\/tabell-200x147.png 200w, http:\/\/gopirates.se\/wp-content\/uploads\/2025\/04\/tabell-768x566.png 768w, http:\/\/gopirates.se\/wp-content\/uploads\/2025\/04\/tabell-1536x1132.png 1536w, http:\/\/gopirates.se\/wp-content\/uploads\/2025\/04\/tabell.png 1878w\" sizes=\"auto, (max-width: 1024px) 100vw, 1024px\" \/><\/figure>\n\n\n\n<hr class=\"wp-block-separator has-alpha-channel-opacity\"\/>\n\n\n\n<h2 class=\"wp-block-heading\"><strong>SPELSCHEMA SUPERETTAN S\u00c4SONG 2022-2023<\/strong><\/h2>\n\n\n\n<p><\/p>\n\n\n\n<figure class=\"wp-block-table is-style-stripes\"><table><tbody><tr><td>1<\/td><td>22-10-01 16:00 <\/td><td>Sloga Uppsala &#8211; <strong>Pirates<\/strong><\/td><td>Upplands Bilforum USIF<\/td><td>76-<strong>114<\/strong><\/td><\/tr><tr><td>2<\/td><td>22-10-08 15:00<\/td><td><strong>Pirates<\/strong> &#8211; Tureberg Basket<\/td><td>V\u00e4sterv\u00e5ngshallen<\/td><td><strong>106<\/strong>-76<\/td><\/tr><tr><td>3<\/td><td>22-10-15 15:30<\/td><td><strong>H\u00f6gsbo Basket<\/strong> &#8211; Pirates<\/td><td>Gothia Arena 2<\/td><td><strong>100<\/strong>-90<\/td><\/tr><tr><td>4<\/td><td>22-10-19 19:00<\/td><td><strong>Pirates<\/strong> &#8211; RIG Mark<\/td><td>V\u00e4sterv\u00e5ngshallen<\/td><td> <strong>87<\/strong>-58<\/td><\/tr><tr><td>5<\/td><td>22-10-29 13:00<\/td><td>Wetterbygden Stars &#8211; <strong>Pirates<\/strong><\/td><td>Huskvarna Sporthall<\/td><td>79-<strong>101<\/strong><\/td><\/tr><tr><td>6<\/td><td>22-11-06 14:00<\/td><td><strong>Pirates<\/strong> &#8211; AIK<\/td><td>V\u00e4sterv\u00e5ngshallen<\/td><td><strong>104<\/strong>-91<\/td><\/tr><tr><td>7<\/td><td>22-11-10 19:00<\/td><td>IK Eos &#8211; <strong>Pirates<\/strong><\/td><td>EOS Hallen<\/td><td>70-<strong>100<\/strong><\/td><\/tr><tr><td>8<\/td><td>22-11-19 15:00<\/td><td><strong>Pirates <\/strong>&#8211; Huddinge Basket<\/td><td>V\u00e4sterv\u00e5ngshallen<\/td><td><strong>92<\/strong>-75<\/td><\/tr><tr><td>9<\/td><td>22-11-26 14:00<\/td><td>Pirates &#8211; <strong>Eskilstuna BBK<\/strong><\/td><td>V\u00e4sterv\u00e5ngshallen<\/td><td>94-<strong>100<\/strong><\/td><\/tr><tr><td>10<\/td><td>22-11-30 19:00<\/td><td>Helsingborg BBK &#8211; Pirates <\/td><td>GA-hallen, Helsingborg<\/td><td><\/td><\/tr><tr><td>11<\/td><td>22-12-07 20:00<\/td><td>Pirates &#8211; Team4Q<\/td><td>V\u00e4sterv\u00e5ngshallen<\/td><td><\/td><\/tr><tr><td>12<\/td><td>22-12-17 15:00<\/td><td>Eskilstuna BBK &#8211; Pirates<\/td><td>STIGA Sportsarena B<\/td><td><\/td><\/tr><tr><td>13<\/td><td>22-12-18 15:00<\/td><td>Norrort &#8211; Pirates<\/td><td>Tibblehallen CC<\/td><td><\/td><\/tr><tr><td>14<\/td><td>23-01-07 15:00<\/td><td>Pirates &#8211; Sloga Uppsala<\/td><td>V\u00e4sterv\u00e5ngshallen<\/td><td><\/td><\/tr><tr><td>15<\/td><td>23-01-14 15:00<\/td><td>Pirates &#8211; H\u00f6gsbo Basket<\/td><td>V\u00e4sterv\u00e5ngshallen<\/td><td><\/td><\/tr><tr><td>16<\/td><td>23-01-21 17:00<\/td><td>AIK Basket &#8211; Pirates <\/td><td>Vasalundshallen<\/td><td><\/td><\/tr><tr><td>17<\/td><td>23-01-28 15:00<\/td><td>Pirates &#8211; Wetterbygden Stars<\/td><td>V\u00e4sterv\u00e5ngshallen<\/td><td><\/td><\/tr><tr><td>18<\/td><td>23-02-04 16:00<\/td><td>Ockelbo Basket &#8211; Pirates<\/td><td>Kuxahallen<\/td><td><\/td><\/tr><tr><td>19<\/td><td>23-02-05 16:00<\/td><td>Huddinge Basket &#8211; Pirates<\/td><td>Edbohallen<\/td><td><\/td><\/tr><tr><td>20<\/td><td>23-02-08 19:00<\/td><td>Pirates &#8211; IK Eos <\/td><td>V\u00e4sterv\u00e5ngshallen<\/td><td><\/td><\/tr><tr><td>21<\/td><td>23-02-18 17:00<\/td><td>Team4Q &#8211; Pirates <\/td><td>GA-hallen, Helsingborg<\/td><td><\/td><\/tr><tr><td>22<\/td><td>23-02-26 15:00<\/td><td>Pirates &#8211; Norrort<\/td><td>V\u00e4sterv\u00e5ngshallen<\/td><td><\/td><\/tr><tr><td>23<\/td><td>23-03-04 17:00<\/td><td>Tureberg Basket &#8211; Pirates<\/td><td>Sollentuna Sporthall A<\/td><td><\/td><\/tr><tr><td>24<\/td><td>23-03-15 19:00<\/td><td>Pirates &#8211; Helsingborg BBK<\/td><td>V\u00e4sterv\u00e5ngshallen<\/td><td><\/td><\/tr><tr><td>25<\/td><td>23-03-25 13:00<\/td><td>RIG Mark &#8211; Pirates <\/td><td>Arenahallen<\/td><td><\/td><\/tr><tr><td>26<\/td><td>23-04-01 15:00<\/td><td>Pirates &#8211; Ockelbo<\/td><td>V\u00e4sterv\u00e5ngshallen<\/td><td><\/td><\/tr><\/tbody><\/table><\/figure>\n\n\n\n<p><\/p>\n\n\n\n<p><\/p>\n\n\n\n<h2 class=\"wp-block-heading\"><strong>SPELSCHEMA SUPERETTAN S\u00c4SONG 2021-2022<\/strong><\/h2>\n\n\n\n<p>Pirates slutade p\u00e5 plats 4 i Superettan och kom till kvartsfinal i slutspelet. En fin s\u00e4song som ytterligare st\u00e4rker den grund vi bygger inf\u00f6r framtiden. Vi ser fram emot s\u00e4songen 22\/23. Stort tack till v\u00e5r fantastiska basketpublik!<\/p>\n\n\n\n<p><\/p>\n\n\n\n<p><\/p>\n\n\n\n<figure class=\"wp-block-table is-style-stripes\"><table><tbody><tr><td>1<\/td><td>21-09-26 15:00  <\/td><td><strong>Pirates <\/strong>&#8211; Wetterbygden<\/td><td>V\u00e4sterv\u00e5ngshallen <\/td><td><strong>79<\/strong>-64<\/td><\/tr><tr><td>2<\/td><td>21-10-02 13:00<\/td><td>RIG Mark &#8211; <strong>Pirates<\/strong><\/td><td>Kinnahallen<\/td><td>59-<strong>65<\/strong><\/td><\/tr><tr><td>3<\/td><td>21-10-09 15:00<\/td><td>Pirates &#8211; <strong>Ockelbo Basket<\/strong><\/td><td>V\u00e4sterv\u00e5ngshallen<\/td><td>96-<strong>99<\/strong><\/td><\/tr><tr><td>4<\/td><td>21-10-16 13:00<\/td><td><strong>Wetterbygden Stars<\/strong> &#8211; Pirates<\/td><td>Huskvarna Sporthall<\/td><td><strong>98<\/strong>-81<\/td><\/tr><tr><td>5<\/td><td>21-10-24 16:00<\/td><td><strong>Norrort<\/strong> &#8211; Pirates<\/td><td>Tibblehallen<\/td><td><strong>84<\/strong>-80<\/td><\/tr><tr><td>6<\/td><td>21-10-30 15:00<\/td><td><strong>Pirates<\/strong> &#8211; Team4Q<\/td><td>V\u00e4sterv\u00e5ngshallen<\/td><td><strong>118<\/strong>-99<\/td><\/tr><tr><td>7<\/td><td>21-11-06 14:30<\/td><td>Helsingborg BBK- <strong>Pirates<\/strong><\/td><td>GA-hallen, Helsingborg<\/td><td>66-<strong>68<\/strong><\/td><\/tr><tr><td>8<\/td><td>21-11-13 15:00<\/td><td>Pirates &#8211;<strong> H\u00f6gsbo Basket<\/strong><\/td><td>V\u00e4sterv\u00e5ngshallen<\/td><td>92-<strong>116<\/strong><\/td><\/tr><tr><td>9<\/td><td>21-11-20 15:00<\/td><td><strong>KFUM Kalmar<\/strong> &#8211; Pirates<\/td><td>Akea Arena<\/td><td><strong>91<\/strong>-76<\/td><\/tr><tr><td>10<\/td><td>21-12-04 15:00<\/td><td><strong>Pirates <\/strong>&#8211; AIK<\/td><td>V\u00e4sterv\u00e5ngshallen<\/td><td><strong>81<\/strong>-78<\/td><\/tr><tr><td>11<\/td><td>21-12-09 19:00<\/td><td>IK EOS &#8211; <strong>Pirates<\/strong><\/td><td>Eoshallen, Lund<\/td><td>99-<strong>118<\/strong><\/td><\/tr><tr><td>12<\/td><td>21-12-18 15:00<\/td><td>Pirates &#8211; <strong>KFUM Uppsala<\/strong><\/td><td>V\u00e4sterv\u00e5ngshallen<\/td><td>74-<strong>77<\/strong><\/td><\/tr><tr><td>13<\/td><td>22-01-08 15:00<\/td><td><strong>Pirates<\/strong> &#8211; Norrort<\/td><td>V\u00e4sterv\u00e5ngshallen<\/td><td><strong>102<\/strong>-93<\/td><\/tr><tr><td>14<\/td><td>22-01-15 16:00<\/td><td><strong>Ockelbo Basket <\/strong>&#8211; Pirates<\/td><td>Kuxahallen<\/td><td><strong>86<\/strong>-80<\/td><\/tr><tr><td>15<\/td><td>22-01-22 15:00<\/td><td>Pirates &#8211; <strong>Helsingborg BBK<\/strong><\/td><td>V\u00e4sterv\u00e5ngshallen<\/td><td>79-<strong>87<\/strong><\/td><\/tr><tr><td>16<\/td><td>22-01-11 19:00<\/td><td>H\u00f6gsbo Basket &#8211; <strong>Pirates<\/strong><\/td><td>Gothia Arena 2<\/td><td>70-<strong>86<\/strong><\/td><\/tr><tr><td>17<\/td><td>22-02-05 15:00<\/td><td><strong>Pirates <\/strong>&#8211; IK EOS<\/td><td>V\u00e4sterv\u00e5ngshallen<\/td><td><strong>108<\/strong>-98<\/td><\/tr><tr><td>18<\/td><td>22-02-12 15:00<\/td><td><strong>KFUM Uppsala <\/strong>&#8211; Pirates<\/td><td>USIF Arena<\/td><td><strong>76<\/strong>-69<\/td><\/tr><tr><td>19<\/td><td>22-02-19 16:00<\/td><td>AIK &#8211; <strong>Pirates<\/strong><\/td><td>Vasalundshallen<\/td><td>78-<strong>85<\/strong><\/td><\/tr><tr><td>20<\/td><td>22-02-23 19:00<\/td><td>Pirates &#8211; <strong>RIG Mark<\/strong><\/td><td>V\u00e4sterv\u00e5ngshallen<\/td><td>66-<strong>91<\/strong><\/td><\/tr><tr><td>21<\/td><td>22-03-05 15:00<\/td><td><strong>Pirates<\/strong> &#8211; KFUM Basket<\/td><td>V\u00e4sterv\u00e5ngshallen<\/td><td><strong>77<\/strong>-70<\/td><\/tr><tr><td>22<\/td><td>22-03-13 15:00<\/td><td>Team4Q &#8211; <strong>Pirates<\/strong><\/td><td>GA-hallen, Helsingborg<br><\/td><td>67-<strong>111<\/strong><br><\/td><\/tr><\/tbody><\/table><\/figure>\n","protected":false},"excerpt":{"rendered":"<p>SUPERETTAN 2025\/2026 20 sept 17:00 Sollentuna Pirates Sollentuna, sporthall A 65-68 28 sept 17:00 Malbas Pirates Heleneholms sporthall, Malm\u00f6 96-67 4 okt 15:00 Pirates Ockelbo V\u00e4sterv\u00e5ngshallen, Trelleborg 78-86 11 okt 16:00 Pirates KFUM Blackeberg V\u00e4sterv\u00e5ngshallen, Trelleborg 89-73 18 okt 17:00 Fryshuset Pirates Fryshuset CC 99-74 19 okt 13:00 Djurg\u00e5rden Pirates Tellusborgshallarna 2 72-65 25 okt [&hellip;]<\/p>\n","protected":false},"author":1,"featured_media":0,"parent":0,"menu_order":0,"comment_status":"closed","ping_status":"closed","template":"","meta":{"footnotes":""},"class_list":["post-404","page","type-page","status-publish","hentry"],"_links":{"self":[{"href":"http:\/\/gopirates.se\/index.php?rest_route=\/wp\/v2\/pages\/404","targetHints":{"allow":["GET"]}}],"collection":[{"href":"http:\/\/gopirates.se\/index.php?rest_route=\/wp\/v2\/pages"}],"about":[{"href":"http:\/\/gopirates.se\/index.php?rest_route=\/wp\/v2\/types\/page"}],"author":[{"embeddable":true,"href":"http:\/\/gopirates.se\/index.php?rest_route=\/wp\/v2\/users\/1"}],"replies":[{"embeddable":true,"href":"http:\/\/gopirates.se\/index.php?rest_route=%2Fwp%2Fv2%2Fcomments&post=404"}],"version-history":[{"count":334,"href":"http:\/\/gopirates.se\/index.php?rest_route=\/wp\/v2\/pages\/404\/revisions"}],"predecessor-version":[{"id":3416,"href":"http:\/\/gopirates.se\/index.php?rest_route=\/wp\/v2\/pages\/404\/revisions\/3416"}],"wp:attachment":[{"href":"http:\/\/gopirates.se\/index.php?rest_route=%2Fwp%2Fv2%2Fmedia&parent=404"}],"curies":[{"name":"wp","href":"https:\/\/api.w.org\/{rel}","templated":true}]}}